{"id":25,"date":"2024-02-18T21:51:52","date_gmt":"2024-02-18T21:51:52","guid":{"rendered":"https:\/\/neutraconsulting.com\/?page_id=25"},"modified":"2025-03-20T16:28:05","modified_gmt":"2025-03-20T16:28:05","slug":"contactos","status":"publish","type":"page","link":"https:\/\/neutraconsulting.com\/index.php\/contactos\/","title":{"rendered":"Fale connosco!"},"content":{"rendered":"\n<p>Envie-nos as suas quest\u00f5es para o nosso email: <\/p>\n\n\n\n<div class=\"wp-block-media-text is-stacked-on-mobile has-accent-3-background-color has-background\" style=\"border-style:none;border-width:0px;border-radius:21px;grid-template-columns:15% auto\"><figure class=\"wp-block-media-text__media\"><img decoding=\"async\" src=\"https:\/\/neutraconsulting.com\/wp-content\/themes\/twentytwentyfour\/assets\/images\/icon-message.webp\" alt=\"\"\/><\/figure><div class=\"wp-block-media-text__content\">\n<p class=\"has-contrast-2-background-color has-background\"><strong><mark style=\"background-color:rgba(0, 0, 0, 0)\" class=\"has-inline-color has-base-2-color\">info@neutraconsulting.com<\/mark><\/strong><\/p>\n<\/div><\/div>\n\n\n\n<p>Prometemos ser breves a responder!<\/p>\n\n\n\n<p><\/p>\n\n\n\n<p><strong>Para recrutamento:<\/strong><\/p>\n\n\n\n<p>Estamos sempre \u00e0 procura de talentos. <\/p>\n\n\n\n<p>Se se identifica com a <strong><mark style=\"background-color:rgba(0, 0, 0, 0)\" class=\"has-inline-color has-accent-3-color\">neutra<\/mark><\/strong>, deixe-nos conhec\u00ea-lo. Mande-nos um email com o assunto \u201cRecrutamento\u201d e partilhe connosco o seu curr\u00edculo e um par\u00e1grafo onde nos indique o porqu\u00ea de ser um bom <em>fit<\/em> para a neutra. Ficamos ansiosos por o(a) conhecer!<\/p>\n\n\n\n<p>Sede: <strong><mark style=\"background-color:rgba(0, 0, 0, 0)\" class=\"has-inline-color has-contrast-2-color\">Porto<\/mark><\/strong><\/p>\n\n\n\n<p><\/p>\n","protected":false},"excerpt":{"rendered":"<p>Envie-nos as suas quest\u00f5es para o nosso email: info@neutraconsulting.com Prometemos ser breves a responder! Para recrutamento: Estamos sempre \u00e0 procura de talentos. Se se identifica com a neutra, deixe-nos conhec\u00ea-lo. Mande-nos um email com o assunto \u201cRecrutamento\u201d e partilhe connosco o seu curr\u00edculo e um par\u00e1grafo onde nos indique o porqu\u00ea de ser um bom [&hellip;]<\/p>\n","protected":false},"author":1,"featured_media":0,"parent":0,"menu_order":0,"comment_status":"open","ping_status":"closed","template":"","meta":{"footnotes":""},"class_list":["post-25","page","type-page","status-publish","hentry"],"_links":{"self":[{"href":"https:\/\/neutraconsulting.com\/index.php\/wp-json\/wp\/v2\/pages\/25","targetHints":{"allow":["GET"]}}],"collection":[{"href":"https:\/\/neutraconsulting.com\/index.php\/wp-json\/wp\/v2\/pages"}],"about":[{"href":"https:\/\/neutraconsulting.com\/index.php\/wp-json\/wp\/v2\/types\/page"}],"author":[{"embeddable":true,"href":"https:\/\/neutraconsulting.com\/index.php\/wp-json\/wp\/v2\/users\/1"}],"replies":[{"embeddable":true,"href":"https:\/\/neutraconsulting.com\/index.php\/wp-json\/wp\/v2\/comments?post=25"}],"version-history":[{"count":15,"href":"https:\/\/neutraconsulting.com\/index.php\/wp-json\/wp\/v2\/pages\/25\/revisions"}],"predecessor-version":[{"id":275,"href":"https:\/\/neutraconsulting.com\/index.php\/wp-json\/wp\/v2\/pages\/25\/revisions\/275"}],"wp:attachment":[{"href":"https:\/\/neutraconsulting.com\/index.php\/wp-json\/wp\/v2\/media?parent=25"}],"curies":[{"name":"wp","href":"https:\/\/api.w.org\/{rel}","templated":true}]}}