{"id":39,"date":"2024-02-18T22:05:15","date_gmt":"2024-02-18T22:05:15","guid":{"rendered":"https:\/\/neutraconsulting.com\/?page_id=39"},"modified":"2025-03-27T22:03:47","modified_gmt":"2025-03-27T22:03:47","slug":"sobre-a-neutra","status":"publish","type":"page","link":"https:\/\/neutraconsulting.com\/index.php\/sobre-a-neutra\/","title":{"rendered":"Quem somos?"},"content":{"rendered":"\n<div class=\"wp-block-group alignfull has-base-background-color has-background has-global-padding is-layout-constrained wp-container-core-group-is-layout-1c5bf0ad wp-block-group-is-layout-constrained\" style=\"margin-top:0;margin-bottom:0;padding-top:var(--wp--preset--spacing--10);padding-right:var(--wp--preset--spacing--50);padding-bottom:var(--wp--preset--spacing--10);padding-left:var(--wp--preset--spacing--50)\">\n<div class=\"wp-block-columns alignwide is-layout-flex wp-container-core-columns-is-layout-6458c79c wp-block-columns-is-layout-flex\" style=\"padding-right:var(--wp--preset--spacing--50);padding-left:var(--wp--preset--spacing--50)\">\n<div class=\"wp-block-column is-vertically-aligned-center is-layout-flow wp-block-column-is-layout-flow\" style=\"flex-basis:60%\">\n<div class=\"wp-block-cover alignright is-light wp-duotone-unset-1\" style=\"min-height:560px;aspect-ratio:unset;\"><span aria-hidden=\"true\" class=\"wp-block-cover__background has-background-dim\" style=\"background-color:#c0b1b7\"><\/span><img loading=\"lazy\" decoding=\"async\" width=\"1792\" height=\"2475\" class=\"wp-block-cover__image-background wp-image-338\" alt=\"\" src=\"https:\/\/neutraconsulting.com\/wp-content\/uploads\/2025\/03\/Equipa-1.png\" data-object-fit=\"cover\" srcset=\"https:\/\/neutraconsulting.com\/wp-content\/uploads\/2025\/03\/Equipa-1.png 1792w, https:\/\/neutraconsulting.com\/wp-content\/uploads\/2025\/03\/Equipa-1-217x300.png 217w, https:\/\/neutraconsulting.com\/wp-content\/uploads\/2025\/03\/Equipa-1-741x1024.png 741w, https:\/\/neutraconsulting.com\/wp-content\/uploads\/2025\/03\/Equipa-1-768x1061.png 768w, https:\/\/neutraconsulting.com\/wp-content\/uploads\/2025\/03\/Equipa-1-1112x1536.png 1112w, https:\/\/neutraconsulting.com\/wp-content\/uploads\/2025\/03\/Equipa-1-1483x2048.png 1483w\" sizes=\"auto, (max-width: 1792px) 100vw, 1792px\" \/><div class=\"wp-block-cover__inner-container is-layout-flow wp-block-cover-is-layout-flow\">\n<p class=\"has-text-align-center has-large-font-size\">Somos uma equipa multidisciplinar de investigadores, consultores e inovadores!<\/p>\n<\/div><\/div>\n<\/div>\n\n\n\n<div class=\"wp-block-column is-layout-flow wp-block-column-is-layout-flow\" style=\"flex-basis:75%\">\n<p class=\"has-base-2-color has-text-color has-link-color has-medium-font-size wp-elements-27d47fabea5de6732a0aca085807c717\" style=\"padding-top:var(--wp--preset--spacing--10);padding-right:0;padding-bottom:var(--wp--preset--spacing--10);padding-left:0\"><mark style=\"background-color:rgba(0, 0, 0, 0)\" class=\"has-inline-color has-contrast-color\">Nascida em 2024, e com uma equipa multidisciplinar com mais de 20 anos de experi\u00eancia com compet\u00eancias em <strong>Energia<\/strong>, <strong>Clima<\/strong>, <strong>Mobilidade<\/strong>, <strong>Smart Cities<\/strong> e <strong>ESG<\/strong>, a <strong>neutra<\/strong> \u00e9 uma entidade privada de investiga\u00e7\u00e3o e consultoria sediada no Porto.<\/mark><\/p>\n\n\n\n<p class=\"has-link-color has-medium-font-size wp-elements-9e1495b40a9a840ae80b1b34ce1e0ff7\" style=\"padding-top:var(--wp--preset--spacing--10);padding-right:0;padding-bottom:var(--wp--preset--spacing--10);padding-left:0\"><mark style=\"background-color:rgba(0, 0, 0, 0)\" class=\"has-inline-color has-contrast-color\">Temos connosco uma equipa de profissionais multidisciplinar, experiente, que junta diferentes ramos da engenharia e arquitetura. O nosso foco s\u00e3o as solu\u00e7\u00f5es que desenvolvemos nos nossos projetos e que prestamos aos nossos clientes e o nosso lema \u00e9 claro: <\/mark><strong><em><mark style=\"background-color:rgba(0, 0, 0, 0);color:#000000\" class=\"has-inline-color\">Aliar ci\u00eancia e inova\u00e7\u00e3o na busca das melhores solu\u00e7\u00f5es!<\/mark><\/em><\/strong><\/p>\n\n\n\n<p class=\"has-link-color has-medium-font-size wp-elements-d79cc696c86f1a5f3123f3493eaea31a\" style=\"padding-top:var(--wp--preset--spacing--10);padding-right:0;padding-bottom:var(--wp--preset--spacing--10);padding-left:0\">Com base em ferramentas e metodologias inovadoras, trabalhamos para planear e implementar a transi\u00e7\u00e3o energ\u00e9tica de baixo carbono nas cidades!<\/p>\n\n\n\n<p class=\"has-link-color has-medium-font-size wp-elements-d77d8ffe0340e198c252d91172d5cb24\" style=\"padding-top:var(--wp--preset--spacing--10);padding-right:0;padding-bottom:var(--wp--preset--spacing--10);padding-left:0\"><strong><mark style=\"background-color:rgba(0, 0, 0, 0);color:#59cc85\" class=\"has-inline-color\">Acreditamos numa transi\u00e7\u00e3o energ\u00e9tica sustent\u00e1vel, integradora e acess\u00edvel para todos os intervenientes. Para isso, a nossa abordagem \u00e9 multin\u00edvel: trabalhamos com decisores pol\u00edticos, empresas, cidades e cidad\u00e3os.<\/mark><\/strong><\/p>\n<\/div>\n<\/div>\n<\/div>\n\n\n\n<div class=\"wp-block-columns alignwide is-layout-flex wp-container-core-columns-is-layout-28f84493 wp-block-columns-is-layout-flex\">\n<div class=\"wp-block-column is-vertically-aligned-top is-layout-flow wp-container-core-column-is-layout-b2a27621 wp-block-column-is-layout-flow\" style=\"padding-top:0;padding-right:0;padding-bottom:0;padding-left:0\"><\/div>\n\n\n\n<div class=\"wp-block-column is-vertically-aligned-center is-layout-flow wp-container-core-column-is-layout-90d20d16 wp-block-column-is-layout-flow\" style=\"padding-top:var(--wp--preset--spacing--10);padding-right:var(--wp--preset--spacing--50);padding-bottom:var(--wp--preset--spacing--10);padding-left:var(--wp--preset--spacing--50);flex-basis:1000px\">\n<p class=\"has-text-align-center has-contrast-color has-contrast-2-background-color has-text-color has-background has-link-color wp-elements-984de983fc68bde7cd9fe639106b8d8c\" style=\"border-radius:20px;font-size:clamp(0.984rem, 0.984rem + ((1vw - 0.2rem) * 0.86), 1.5rem);\"><mark style=\"background-color:rgba(0, 0, 0, 0)\" class=\"has-inline-color has-base-2-color\">Desenhamos solu\u00e7\u00f5es customizadas e diferenciadoras, tendo em conta a especificidade de cada cliente e projeto.<\/mark><\/p>\n\n\n\n<p class=\"has-text-align-center has-contrast-background-color has-text-color has-background has-link-color wp-elements-d25aa19ba6529b0f520f41c504edb183\" style=\"border-radius:20px;color:#59cc85;font-size:clamp(0.984rem, 0.984rem + ((1vw - 0.2rem) * 0.86), 1.5rem);\"><mark style=\"background-color:rgba(0, 0, 0, 0);color:#59cc85\" class=\"has-inline-color\">As nossas ferramentas s\u00e3o customizadas a cada projeto e as nossas solu\u00e7\u00f5es de consultoria s\u00e3o co-constru\u00eddas com os nossos clientes.<\/mark><\/p>\n<\/div>\n<\/div>\n\n\n\n<div class=\"wp-block-buttons alignwide is-content-justification-center is-layout-flex wp-container-core-buttons-is-layout-758d72aa wp-block-buttons-is-layout-flex\" style=\"padding-right:var(--wp--preset--spacing--50);padding-left:var(--wp--preset--spacing--50)\">\n<div class=\"wp-block-button has-custom-width wp-block-button__width-50 has-custom-font-size has-small-font-size\"><a class=\"wp-block-button__link has-contrast-background-color has-text-color has-background has-link-color wp-element-button\" href=\"https:\/\/neutraconsulting.com\/index.php\/contactos\/\" style=\"border-radius:18px;color:#59cc85\"><mark style=\"background-color:rgba(0, 0, 0, 0)\" class=\"has-inline-color has-base-color\">Saiba mais sobre n\u00f3s! Contacte-nos!<\/mark><\/a><\/div>\n<\/div>\n\n\n\n<p class=\"has-text-align-center has-small-font-size\"><\/p>\n","protected":false},"excerpt":{"rendered":"<p>Nascida em 2024, e com uma equipa multidisciplinar com mais de 20 anos de experi\u00eancia com compet\u00eancias em Energia, Clima, Mobilidade, Smart Cities e ESG, a neutra \u00e9 uma entidade privada de investiga\u00e7\u00e3o e consultoria sediada no Porto. Temos connosco uma equipa de profissionais multidisciplinar, experiente, que junta diferentes ramos da engenharia e arquitetura. O [&hellip;]<\/p>\n","protected":false},"author":1,"featured_media":0,"parent":0,"menu_order":0,"comment_status":"closed","ping_status":"closed","template":"","meta":{"footnotes":""},"class_list":["post-39","page","type-page","status-publish","hentry"],"_links":{"self":[{"href":"https:\/\/neutraconsulting.com\/index.php\/wp-json\/wp\/v2\/pages\/39","targetHints":{"allow":["GET"]}}],"collection":[{"href":"https:\/\/neutraconsulting.com\/index.php\/wp-json\/wp\/v2\/pages"}],"about":[{"href":"https:\/\/neutraconsulting.com\/index.php\/wp-json\/wp\/v2\/types\/page"}],"author":[{"embeddable":true,"href":"https:\/\/neutraconsulting.com\/index.php\/wp-json\/wp\/v2\/users\/1"}],"replies":[{"embeddable":true,"href":"https:\/\/neutraconsulting.com\/index.php\/wp-json\/wp\/v2\/comments?post=39"}],"version-history":[{"count":46,"href":"https:\/\/neutraconsulting.com\/index.php\/wp-json\/wp\/v2\/pages\/39\/revisions"}],"predecessor-version":[{"id":382,"href":"https:\/\/neutraconsulting.com\/index.php\/wp-json\/wp\/v2\/pages\/39\/revisions\/382"}],"wp:attachment":[{"href":"https:\/\/neutraconsulting.com\/index.php\/wp-json\/wp\/v2\/media?parent=39"}],"curies":[{"name":"wp","href":"https:\/\/api.w.org\/{rel}","templated":true}]}}