{"id":53,"date":"2025-03-13T18:10:23","date_gmt":"2025-03-13T18:10:23","guid":{"rendered":"https:\/\/neutraconsulting.com\/?page_id=53"},"modified":"2025-07-27T10:49:11","modified_gmt":"2025-07-27T10:49:11","slug":"wattson","status":"publish","type":"page","link":"https:\/\/neutraconsulting.com\/index.php\/wattson\/","title":{"rendered":"Wattson"},"content":{"rendered":"\n<div class=\"wp-block-group alignfull has-global-padding is-layout-constrained wp-container-core-group-is-layout-cb151cc7 wp-block-group-is-layout-constrained\" style=\"margin-top:0;margin-bottom:0;padding-top:0;padding-right:var(--wp--preset--spacing--50);padding-bottom:0;padding-left:var(--wp--preset--spacing--50)\">\n<div class=\"wp-block-group alignwide has-global-padding is-layout-constrained wp-container-core-group-is-layout-19e250f3 wp-block-group-is-layout-constrained\">\n<div class=\"wp-block-group is-vertical is-content-justification-center is-layout-flex wp-container-core-group-is-layout-6329a8f3 wp-block-group-is-layout-flex\">\n<h2 class=\"wp-block-heading has-text-align-center is-style-default has-medium-font-size\">Conhe\u00e7a o nosso <strong>Assistente Virtual para Quest\u00f5es Energ\u00e9ticas!<\/strong><\/h2>\n<\/div>\n\n\n\n<div style=\"height:var(--wp--preset--spacing--40)\" aria-hidden=\"true\" class=\"wp-block-spacer\"><\/div>\n\n\n\n<div class=\"wp-block-columns alignwide is-layout-flex wp-container-core-columns-is-layout-d1c656ed wp-block-columns-is-layout-flex\">\n<div class=\"wp-block-column is-vertically-aligned-center is-layout-flow wp-block-column-is-layout-flow\" style=\"flex-basis:40%\">\n<p style=\"font-size:clamp(0.875rem, 0.875rem + ((1vw - 0.2rem) * 0.542), 1.2rem);line-height:1.2\">O Wattson \u00e9 o nosso Assistente Virtual com base em Intelig\u00eancia Artificial Generativa.<\/p>\n\n\n\n<p style=\"font-size:clamp(0.875rem, 0.875rem + ((1vw - 0.2rem) * 0.542), 1.2rem);line-height:1.2\">Com capacidade de conversa\u00e7\u00e3o, \u00e9 <strong>uma ferramenta customiz\u00e1vel<\/strong>, desenhada especificamente para fornecer informa\u00e7\u00f5es atualizadas, esclarecer d\u00favidas ou providenciar orienta\u00e7\u00f5es personalizadas no campo da efici\u00eancia energ\u00e9tica e solu\u00e7\u00f5es sustent\u00e1veis.<\/p>\n\n\n\n<p style=\"font-size:clamp(0.875rem, 0.875rem + ((1vw - 0.2rem) * 0.542), 1.2rem);line-height:1.2\"><\/p>\n\n\n\n<p><\/p>\n\n\n\n<p class=\"has-base-color has-contrast-background-color has-text-color has-background has-link-color wp-elements-1972ab4319f1263983f203ff92e4286f\" style=\"font-size:clamp(0.984rem, 0.984rem + ((1vw - 0.2rem) * 0.86), 1.5rem);line-height:1.2\">O nosso Assistente Virtual tem como base o conhecimento acumulado pela equipa da <strong>neutra<\/strong> e pode ser integrado em diferentes plataformas.<\/p>\n\n\n\n<figure class=\"wp-block-image aligncenter size-full is-resized\"><img loading=\"lazy\" decoding=\"async\" width=\"92\" height=\"87\" src=\"https:\/\/neutraconsulting.com\/wp-content\/uploads\/2025\/03\/icone.png\" alt=\"\" class=\"wp-image-303\" style=\"width:84px;height:auto\"\/><\/figure>\n\n\n\n<p style=\"font-size:clamp(0.875rem, 0.875rem + ((1vw - 0.2rem) * 0.542), 1.2rem);line-height:1.2\"><\/p>\n<\/div>\n\n\n\n<div class=\"wp-block-column is-layout-flow wp-block-column-is-layout-flow\" style=\"flex-basis:50%\">\n<figure class=\"wp-block-image size-full is-style-rounded is-style-rounded--1\"><img loading=\"lazy\" decoding=\"async\" width=\"1024\" height=\"1024\" src=\"https:\/\/neutraconsulting.com\/wp-content\/uploads\/2025\/03\/DALL\u00b7E-2025-03-19-16.46.44-A-professional-energy-advisor-in-an-animated-character-style-dressed-in-jeans-and-a-green-shirt-holding-a-tablet.-The-character-has-a-friendly-and-c.webp\" alt=\"\" class=\"wp-image-256\" srcset=\"https:\/\/neutraconsulting.com\/wp-content\/uploads\/2025\/03\/DALL\u00b7E-2025-03-19-16.46.44-A-professional-energy-advisor-in-an-animated-character-style-dressed-in-jeans-and-a-green-shirt-holding-a-tablet.-The-character-has-a-friendly-and-c.webp 1024w, https:\/\/neutraconsulting.com\/wp-content\/uploads\/2025\/03\/DALL\u00b7E-2025-03-19-16.46.44-A-professional-energy-advisor-in-an-animated-character-style-dressed-in-jeans-and-a-green-shirt-holding-a-tablet.-The-character-has-a-friendly-and-c-300x300.webp 300w, https:\/\/neutraconsulting.com\/wp-content\/uploads\/2025\/03\/DALL\u00b7E-2025-03-19-16.46.44-A-professional-energy-advisor-in-an-animated-character-style-dressed-in-jeans-and-a-green-shirt-holding-a-tablet.-The-character-has-a-friendly-and-c-150x150.webp 150w, https:\/\/neutraconsulting.com\/wp-content\/uploads\/2025\/03\/DALL\u00b7E-2025-03-19-16.46.44-A-professional-energy-advisor-in-an-animated-character-style-dressed-in-jeans-and-a-green-shirt-holding-a-tablet.-The-character-has-a-friendly-and-c-768x768.webp 768w\" sizes=\"auto, (max-width: 1024px) 100vw, 1024px\" \/><\/figure>\n<\/div>\n<\/div>\n<\/div>\n\n\n\n<div class=\"wp-block-columns is-layout-flex wp-container-core-columns-is-layout-28f84493 wp-block-columns-is-layout-flex\">\n<div class=\"wp-block-column is-layout-flow wp-block-column-is-layout-flow\"><\/div>\n<\/div>\n<\/div>\n\n\n\n<div class=\"wp-block-columns alignwide is-layout-flex wp-container-core-columns-is-layout-d2da2050 wp-block-columns-is-layout-flex\" style=\"margin-bottom:0\">\n<div class=\"wp-block-column has-text-color has-background has-link-color wp-elements-f62b895c1c17b866913e8f67506164ec is-layout-flow wp-block-column-is-layout-flow\" style=\"color:#000000;background-color:#ffe97d;padding-top:2em;padding-right:2em;padding-bottom:2em;padding-left:2em\">\n<h2 class=\"wp-block-heading\" id=\"single\" style=\"font-size:clamp(24.034px, 1.502rem + ((1vw - 3.2px) * 1.663), 40px);\"><strong>Cidades e regi\u00f5es<\/strong><\/h2>\n\n\n\n<hr class=\"wp-block-separator has-text-color has-css-opacity has-background is-style-wide\" style=\"background-color:#000000;color:#000000\"\/>\n\n\n\n<p class=\"has-small-font-size\">O Wattson pode ser integrado em websites de municipios e plataformas online de balc\u00f5es de apoio a quest\u00f5es energ\u00e9ticas :<\/p>\n\n\n\n<ul class=\"wp-block-list has-normal-font-size\">\n<li>Prestando esclarecimentos diretos aos cidad\u00e3os que se dirigem a servi\u00e7os de aconselhamento ou procuram mais informa\u00e7\u00e3o atualizada junto dos municipios;<\/li>\n\n\n\n<li>Prestando suporte imediato e eficiente aos operadores e t\u00e9cnicos de atendimento, simplificando o acesso a informa\u00e7\u00e3o sobre consumos, incentivos e boas pr\u00e1ticas.<\/li>\n<\/ul>\n\n\n\n<div class=\"wp-block-buttons alignfull is-horizontal is-content-justification-center is-layout-flex wp-container-core-buttons-is-layout-03627597 wp-block-buttons-is-layout-flex\"><\/div>\n<\/div>\n\n\n\n<div class=\"wp-block-column has-text-color has-background has-link-color wp-elements-5ffa1fde00b7c12705d1b13274b0664a is-layout-flow wp-block-column-is-layout-flow\" style=\"color:#000000;background-color:#d1d1e1;padding-top:2em;padding-right:2em;padding-bottom:2em;padding-left:2em\">\n<h2 class=\"wp-block-heading\" id=\"family\" style=\"font-size:clamp(24.034px, 1.502rem + ((1vw - 3.2px) * 1.663), 40px);\"><strong>Empresas e institui\u00e7\u00f5es<\/strong><\/h2>\n\n\n\n<hr class=\"wp-block-separator has-css-opacity is-style-wide\"\/>\n\n\n\n<p class=\"has-small-font-size\">O Wattson pode ser integrado em websites empreariais por forma a destacar produtos ou servi\u00e7os sobre uma perspetiva de efici\u00eancia energ\u00e9tica, ajudando a sensibilizar clientes e parceiros ou apoiando para direccionar para um incentivo.<\/p>\n\n\n\n<div class=\"wp-block-buttons alignfull is-horizontal is-content-justification-center is-layout-flex wp-container-core-buttons-is-layout-03627597 wp-block-buttons-is-layout-flex\"><\/div>\n<\/div>\n\n\n\n<div class=\"wp-block-column has-text-color has-background has-link-color wp-elements-5e072bf9fab1a4fb6d9cb7c358ce7c4a is-layout-flow wp-block-column-is-layout-flow\" style=\"color:#000000;background-color:#c0ebf1;padding-top:2em;padding-right:2em;padding-bottom:2em;padding-left:2em\">\n<h2 class=\"wp-block-heading\" id=\"patron\" style=\"font-size:clamp(24.034px, 1.502rem + ((1vw - 3.2px) * 1.663), 40px);\"><strong>Profissionais e cidad\u00e3os<\/strong><\/h2>\n\n\n\n<hr class=\"wp-block-separator has-css-opacity is-style-wide\"\/>\n\n\n\n<p class=\"has-small-font-size\">O Wattson pode responder a perguntas sobre poupan\u00e7a energ\u00e9tica, fontes renov\u00e1veis, apoios disponiveis e muito mais de forma r\u00e1pida confi\u00e1vel e acessivel.<\/p>\n\n\n\n<div class=\"wp-block-buttons alignfull is-horizontal is-content-justification-center is-layout-flex wp-container-core-buttons-is-layout-03627597 wp-block-buttons-is-layout-flex\"><\/div>\n<\/div>\n<\/div>\n\n\n\n<div class=\"wp-block-group alignfull has-global-padding is-layout-constrained wp-container-core-group-is-layout-aff63992 wp-block-group-is-layout-constrained\" style=\"margin-top:0;margin-bottom:0;padding-top:0;padding-right:var(--wp--preset--spacing--50);padding-bottom:0;padding-left:var(--wp--preset--spacing--50)\"><\/div>\n\n\n\n<div class=\"wp-block-buttons is-content-justification-center is-layout-flex wp-container-core-buttons-is-layout-a89b3969 wp-block-buttons-is-layout-flex\">\n<div class=\"wp-block-button\"><a class=\"wp-block-button__link wp-element-button\">contacte-nos para conhecer melhor a potencialidade do wattson para o seu conteXto especifico<\/a><\/div>\n<\/div>\n\n\n\n<p><\/p>\n\n\n\n<div class=\"wp-block-group alignfull has-base-color has-contrast-background-color has-text-color has-background has-link-color wp-elements-4fea5dee635619571c33168102d353d4 has-global-padding is-layout-constrained wp-container-core-group-is-layout-d89aad35 wp-block-group-is-layout-constrained\" style=\"margin-top:0;margin-bottom:0;padding-top:var(--wp--preset--spacing--50);padding-right:var(--wp--preset--spacing--50);padding-bottom:var(--wp--preset--spacing--50);padding-left:var(--wp--preset--spacing--50)\">\n<h2 class=\"wp-block-heading alignwide has-base-color has-text-color has-link-color wp-elements-c9b5699bdecff18878afa112249018b5\" style=\"font-size:clamp(4.509rem, 4.509rem + ((1vw - 0.2rem) * 9.152), 10rem);letter-spacing:-0.02em\">FAQs<\/h2>\n\n\n\n<div class=\"wp-block-group alignwide is-layout-flow wp-block-group-is-layout-flow\">\n<hr class=\"wp-block-separator has-text-color has-base-color has-alpha-channel-opacity has-base-background-color has-background is-style-wide\" style=\"margin-top:var(--wp--preset--spacing--30);margin-bottom:var(--wp--preset--spacing--30)\"\/>\n\n\n\n<h3 class=\"wp-block-heading alignwide has-base-2-color has-text-color has-link-color wp-elements-096acd8a3fb82423c24bebb2fe282fa0\">Qual a vantagem que tenho em implementar o Wattson na minha empresa ou municipio?<\/h3>\n\n\n\n<p class=\"has-contrast-1-color has-text-color has-link-color wp-elements-afc1dbaaea8f82e38225bb94f81ac76f\">H\u00e1 muitas vantagens em implementar um Assistente Virtual customizado. No caso dos municipios e contextos empresariais, permite suportar o trabalho dos t\u00e9cnicos com informa\u00e7\u00e3o atualizada e precisa, mas tamb\u00e9m- devido ao interface de chatbot &#8211; estar integrado nas plataformas online para disponibilizar informa\u00e7\u00e3o ao municipe ou cliente final.<\/p>\n\n\n\n<hr class=\"wp-block-separator has-text-color has-base-color has-alpha-channel-opacity has-base-background-color has-background is-style-wide\" style=\"margin-top:var(--wp--preset--spacing--30);margin-bottom:var(--wp--preset--spacing--30)\"\/>\n\n\n\n<h3 class=\"wp-block-heading alignwide has-base-2-color has-text-color has-link-color wp-elements-ba0c020f80225b54c1f2471814e7f5a3\">O meu Wattson vai ser diferente de outros modelos de AI?<\/h3>\n\n\n\n<p class=\"has-contrast-1-color has-text-color has-link-color wp-elements-14d7736da6a9997223e8d3b2a9870f9e\">Todos os os nossos modelos s\u00e3o customizados e podem ser treinados com base na informa\u00e7\u00e3o especifica do seu contexto.<\/p>\n\n\n\n<hr class=\"wp-block-separator has-text-color has-base-color has-alpha-channel-opacity has-base-background-color has-background is-style-wide\" style=\"margin-top:var(--wp--preset--spacing--30);margin-bottom:var(--wp--preset--spacing--30)\"\/>\n\n\n\n<h3 class=\"wp-block-heading alignwide has-base-2-color has-text-color has-link-color wp-elements-48f82d81a501982e89b11bd9d38c9764\">Quanto custa?<\/h3>\n\n\n\n<p class=\"has-contrast-1-color has-text-color has-link-color wp-elements-2d772437a858a74015dc7c8ebdc5ebad\">O valor do Wattson varia de acordo com o nivel de customiza\u00e7\u00e3o e necessidades especificas de integra\u00e7\u00e3o em plataformas existentes.<\/p>\n\n\n\n<hr class=\"wp-block-separator has-text-color has-base-color has-alpha-channel-opacity has-base-background-color has-background is-style-wide\" style=\"margin-top:var(--wp--preset--spacing--30);margin-bottom:var(--wp--preset--spacing--30)\"\/>\n\n\n\n<h3 class=\"wp-block-heading alignwide has-base-2-color has-text-color has-link-color wp-elements-0e9903e1feaa262758baf6d2862f89ba\">Como posso actualizar o Wattson?<\/h3>\n\n\n\n<p class=\"has-contrast-1-color has-text-color has-link-color wp-elements-ad56bc14512250211a230d2b26d76afc\">H\u00e1 duas formas de obter o Wattson &#8211; Pacote completo ou modelo de subscri\u00e7\u00e3o. Em qualquer das modalidades, todos os modelos s\u00e3o constatemente atualizados com a \u00faltima informa\u00e7\u00e3o.<\/p>\n\n\n\n<div style=\"margin-top:var(--wp--preset--spacing--10);margin-bottom:0;height:var(--wp--preset--spacing--10)\" aria-hidden=\"true\" class=\"wp-block-spacer\"><\/div>\n<\/div>\n<\/div>\n\n\n\n<p><\/p>\n\n\n\n<p><\/p>\n\n\n\n\n\n<div class=\"wp-block-columns is-layout-flex wp-container-core-columns-is-layout-28f84493 wp-block-columns-is-layout-flex\"><\/div>\n","protected":false},"excerpt":{"rendered":"<p>Conhe\u00e7a o nosso Assistente Virtual para Quest\u00f5es Energ\u00e9ticas! O Wattson \u00e9 o nosso Assistente Virtual com base em Intelig\u00eancia Artificial Generativa. Com capacidade de conversa\u00e7\u00e3o, \u00e9 uma ferramenta customiz\u00e1vel, desenhada especificamente para fornecer informa\u00e7\u00f5es atualizadas, esclarecer d\u00favidas ou providenciar orienta\u00e7\u00f5es personalizadas no campo da efici\u00eancia energ\u00e9tica e solu\u00e7\u00f5es sustent\u00e1veis. O nosso Assistente Virtual tem como [&hellip;]<\/p>\n","protected":false},"author":1,"featured_media":0,"parent":0,"menu_order":0,"comment_status":"closed","ping_status":"closed","template":"","meta":{"footnotes":""},"class_list":["post-53","page","type-page","status-publish","hentry"],"_links":{"self":[{"href":"https:\/\/neutraconsulting.com\/index.php\/wp-json\/wp\/v2\/pages\/53","targetHints":{"allow":["GET"]}}],"collection":[{"href":"https:\/\/neutraconsulting.com\/index.php\/wp-json\/wp\/v2\/pages"}],"about":[{"href":"https:\/\/neutraconsulting.com\/index.php\/wp-json\/wp\/v2\/types\/page"}],"author":[{"embeddable":true,"href":"https:\/\/neutraconsulting.com\/index.php\/wp-json\/wp\/v2\/users\/1"}],"replies":[{"embeddable":true,"href":"https:\/\/neutraconsulting.com\/index.php\/wp-json\/wp\/v2\/comments?post=53"}],"version-history":[{"count":45,"href":"https:\/\/neutraconsulting.com\/index.php\/wp-json\/wp\/v2\/pages\/53\/revisions"}],"predecessor-version":[{"id":420,"href":"https:\/\/neutraconsulting.com\/index.php\/wp-json\/wp\/v2\/pages\/53\/revisions\/420"}],"wp:attachment":[{"href":"https:\/\/neutraconsulting.com\/index.php\/wp-json\/wp\/v2\/media?parent=53"}],"curies":[{"name":"wp","href":"https:\/\/api.w.org\/{rel}","templated":true}]}}