{"id":64,"date":"2025-03-14T15:05:40","date_gmt":"2025-03-14T15:05:40","guid":{"rendered":"https:\/\/neutraconsulting.com\/?page_id=64"},"modified":"2025-03-31T16:55:38","modified_gmt":"2025-03-31T16:55:38","slug":"investigacao-e-inovacao","status":"publish","type":"page","link":"https:\/\/neutraconsulting.com\/index.php\/investigacao-e-inovacao\/","title":{"rendered":"Investiga\u00e7\u00e3o e Inova\u00e7\u00e3o"},"content":{"rendered":"\n<div class=\"wp-block-cover alignfull has-parallax\" style=\"min-height:100vh;aspect-ratio:unset;\"><span aria-hidden=\"true\" class=\"wp-block-cover__background has-background-dim-40 has-background-dim\" style=\"background-color:#000000\"><\/span><div class=\"wp-block-cover__image-background wp-image-151 has-parallax\" style=\"background-position:50% 50%;background-image:url(https:\/\/neutraconsulting.com\/wp-content\/uploads\/2025\/03\/inovacao-3.png)\"><\/div><div class=\"wp-block-cover__inner-container is-layout-flow wp-block-cover-is-layout-flow\">\n<h2 class=\"wp-block-heading alignwide has-white-color has-text-color\" style=\"font-size:clamp(22.041px, 1.378rem + ((1vw - 3.2px) * 1.454), 36px);line-height:1.2\"><strong><em>Investiga\u00e7\u00e3o e inova\u00e7\u00e3o como alavancas para a transi\u00e7\u00e3o energ\u00e9tica e digital das cidades<\/em><\/strong><\/h2>\n<\/div><\/div>\n\n\n\n<div class=\"wp-block-columns is-layout-flex wp-container-core-columns-is-layout-28f84493 wp-block-columns-is-layout-flex\">\n<div class=\"wp-block-column is-layout-flow wp-block-column-is-layout-flow\" style=\"flex-basis:100%\">\n<div class=\"wp-block-group alignfull has-base-background-color has-background has-global-padding is-content-justification-right is-layout-constrained wp-container-core-group-is-layout-3193fb1f wp-block-group-is-layout-constrained\" style=\"margin-top:var(--wp--preset--spacing--10);margin-bottom:var(--wp--preset--spacing--10);padding-top:var(--wp--preset--spacing--10);padding-right:var(--wp--preset--spacing--50);padding-bottom:var(--wp--preset--spacing--10);padding-left:var(--wp--preset--spacing--50)\">\n<div class=\"wp-block-columns alignfull are-vertically-aligned-center is-layout-flex wp-container-core-columns-is-layout-ed004a64 wp-block-columns-is-layout-flex\" style=\"padding-right:0;padding-left:0\">\n<div class=\"wp-block-column is-vertically-aligned-center is-layout-flow wp-block-column-is-layout-flow\" style=\"flex-basis:100%\">\n<div class=\"wp-block-group is-horizontal is-content-justification-left is-layout-flex wp-container-core-group-is-layout-2d90dd85 wp-block-group-is-layout-flex\" style=\"min-height:100%\">\n<p class=\"has-base-color has-contrast-2-background-color has-text-color has-background has-link-color wp-elements-80253fa25c420da32894cbd56165a0a9\" style=\"font-size:clamp(0.984rem, 0.984rem + ((1vw - 0.2rem) * 0.86), 1.5rem);line-height:1.1\"><mark style=\"background-color:rgba(0, 0, 0, 0)\" class=\"has-inline-color has-base-color\">Lideramos e participamos em projetos de I&amp;D em mat\u00e9rias de energia e <em>smart cities <\/em>relacionadas com o desenvolvimento de solu\u00e7\u00f5es para cidades.<\/mark><\/p>\n\n\n\n<p class=\"has-contrast-3-background-color has-background\" style=\"font-size:clamp(0.984rem, 0.984rem + ((1vw - 0.2rem) * 0.86), 1.5rem);line-height:1\"><mark style=\"background-color:rgba(0, 0, 0, 0)\" class=\"has-inline-color has-contrast-color\">As nossas compet\u00eancias permitem-nos apoiar parceiros e cons\u00f3rcios que querem contribuir para a sustentabilidade e transforma\u00e7\u00e3o dos territ\u00f3rios.<\/mark><\/p>\n\n\n\n<p class=\"has-base-2-background-color has-background has-body-font-family\" style=\"font-size:clamp(0.984rem, 0.984rem + ((1vw - 0.2rem) * 0.86), 1.5rem);line-height:1.1\"><mark style=\"background-color:rgba(0, 0, 0, 0)\" class=\"has-inline-color has-contrast-2-color\">Desenvolvemos ferramentas, produtos e servi\u00e7os inovadores nas \u00e1reas da efici\u00eancia energ\u00e9tica e descarboniza\u00e7\u00e3o das cidades.<\/mark><\/p>\n<\/div>\n<\/div>\n<\/div>\n<\/div>\n<\/div>\n<\/div>\n\n\n\n<div class=\"wp-block-group alignfull has-base-color has-text-color has-background has-link-color wp-elements-610feb60feb6c786ee85b691ab673c04 has-global-padding is-layout-constrained wp-container-core-group-is-layout-d89aad35 wp-block-group-is-layout-constrained\" style=\"background-color:#97b97c;margin-top:0;margin-bottom:0;padding-top:var(--wp--preset--spacing--50);padding-right:var(--wp--preset--spacing--50);padding-bottom:var(--wp--preset--spacing--50);padding-left:var(--wp--preset--spacing--50)\">\n<h2 class=\"wp-block-heading alignwide is-style-default has-base-color has-text-color has-link-color wp-elements-66a832f1512677c869b0e9a44abc5b00\" style=\"font-size:clamp(0.875rem, 0.875rem + ((1vw - 0.2rem) * 0.542), 1.2rem);letter-spacing:-0.02em\"><mark style=\"background-color:rgba(0, 0, 0, 0)\" class=\"has-inline-color has-contrast-color\"><strong>Neste \u00e2mbito prestamos os seguintes servi\u00e7os:<\/strong><\/mark><\/h2>\n\n\n\n<div class=\"wp-block-group alignwide is-layout-flow wp-block-group-is-layout-flow\">\n<hr class=\"wp-block-separator has-text-color has-base-color has-alpha-channel-opacity has-base-background-color has-background is-style-wide\"\/>\n\n\n\n<details class=\"wp-block-details is-style-arrow-icon-details has-contrast-color has-text-color has-link-color wp-elements-7a148911ea39bddf6388401875ae5761 is-layout-flow wp-block-details-is-layout-flow\" style=\"border-top-style:none;border-top-width:0px;border-right-style:none;border-right-width:0px;border-bottom-color:var(--wp--preset--color--base);border-bottom-style:solid;border-bottom-width:1px;border-left-style:none;border-left-width:0px;margin-top:0;font-size:clamp(0.875rem, 0.875rem + ((1vw - 0.2rem) * 0.542), 1.2rem);\"><summary>Candidaturas a projetos<\/summary>\n<p class=\"has-contrast-1-color has-text-color has-link-color wp-elements-6a97011f00ef4a9b863ba93eb5e6d571\"><mark style=\"background-color:rgba(0, 0, 0, 0)\" class=\"has-inline-color has-contrast-color\">Apoiamos o desenvolvimento de candidaturas e forma\u00e7\u00e3o de cons\u00f3cios, incluindo a estrutura\u00e7\u00e3o de ideias, conceitos, metodologias e impactos. Fornecemos orienta\u00e7\u00e3o estrat\u00e9gica e apoio t\u00e9cnico durante todas as etapas do processo, garantindo a qualidade e a viabilidade das propostas. Contribu\u00edmos para a defini\u00e7\u00e3o de propostas robustas e novadoras, com objetivos claros e mensur\u00e1veis, alinhados com as necessidades dos cons\u00f3rcios e as exig\u00eancias do financiamento.<\/mark><\/p>\n<\/details>\n\n\n\n<details class=\"wp-block-details is-style-arrow-icon-details has-contrast-color has-text-color has-link-color wp-elements-7082cbd66ee59af1af72e1c1bfddfc69 is-layout-flow wp-block-details-is-layout-flow\" style=\"border-top-style:none;border-top-width:0px;border-right-style:none;border-right-width:0px;border-bottom-color:var(--wp--preset--color--base);border-bottom-style:solid;border-bottom-width:1px;border-left-style:none;border-left-width:0px;margin-top:0;font-size:clamp(0.875rem, 0.875rem + ((1vw - 0.2rem) * 0.542), 1.2rem);\"><summary>Gest\u00e3o de projetos<\/summary>\n<p class=\"has-contrast-1-color has-text-color has-link-color wp-elements-381ed97859c3f16196d62f6d64a68213\"><mark style=\"background-color:rgba(0, 0, 0, 0)\" class=\"has-inline-color has-contrast-color\">Apoiamos a implementa\u00e7\u00e3o e gest\u00e3o de projetos de I&amp;D, incluindo controlo de KPIs, e acompanhamento de execu\u00e7\u00e3o f\u00edsica e financeira, garantindo que os projetos s\u00e3o desenvolvidos dentro dos prazos estabelecidos e respeitando o or\u00e7amento aprovado. A nossa equipa realiza uma monitoriza\u00e7\u00e3o cont\u00ednua, proporcionando relat\u00f3rios detalhados sobre o progresso das atividades e a utiliza\u00e7\u00e3o de recursos, assegurando a identifica\u00e7\u00e3o precoce de eventuais desvios e propondo solu\u00e7\u00f5es corretivas. Al\u00e9m disso, colaboramos na gest\u00e3o da comunica\u00e7\u00e3o entre as partes envolvidas, promovendo a efici\u00eancia, transpar\u00eancia e o sucesso na entrega dos resultados esperados.<\/mark><\/p>\n<\/details>\n\n\n\n<details class=\"wp-block-details is-style-arrow-icon-details has-contrast-color has-text-color has-link-color wp-elements-856e27199db1f04e24791f155bb93422 is-layout-flow wp-block-details-is-layout-flow\" style=\"border-top-style:none;border-top-width:0px;border-right-style:none;border-right-width:0px;border-bottom-color:var(--wp--preset--color--base);border-bottom-style:solid;border-bottom-width:1px;border-left-style:none;border-left-width:0px;margin-top:0;font-size:clamp(0.875rem, 0.875rem + ((1vw - 0.2rem) * 0.542), 1.2rem);\"><summary>Solu\u00e7\u00f5es digitais para smart cities e efici\u00eancia energ\u00e9tica<\/summary>\n<p class=\"has-contrast-1-color has-text-color has-link-color wp-elements-5b00b76e7c9e76aeaab1605f06f5a6c0\"><mark style=\"background-color:rgba(0, 0, 0, 0)\" class=\"has-inline-color has-contrast-color\">Desenvolvemos ferramentas digitais, modelos e servi\u00e7os nas \u00e1reas de energia e <em>smart cities<\/em>, adaptadas a diferentes contextos e necessidades e baseadas em Intelig\u00eancia Artificial e algoritmia avan\u00e7ada, com o objetivo de otimizar o consumo de recursos, melhorar a gest\u00e3o urbana e promover a sustentabilidade. As nossas solu\u00e7\u00f5es permitem a tomada de decis\u00f5es mais informadas e eficientes, al\u00e9m de contribuir para a cria\u00e7\u00e3o de ambientes urbanos mais inteligentes e resilientes. Trabalhamos para integrar tecnologias inovadoras que capacitem cidades e empresas a enfrentar desafios complexos, como a transi\u00e7\u00e3o energ\u00e9tica e a mobilidade urbana.<\/mark><\/p>\n<\/details>\n\n\n\n<details class=\"wp-block-details is-style-arrow-icon-details has-contrast-color has-text-color has-link-color wp-elements-fba61920068367825e43dbc9faf1dd86 is-layout-flow wp-block-details-is-layout-flow\" style=\"border-top-style:none;border-top-width:0px;border-right-style:none;border-right-width:0px;border-bottom-color:var(--wp--preset--color--base);border-bottom-style:solid;border-bottom-width:1px;border-left-style:none;border-left-width:0px;margin-top:0;font-size:clamp(0.875rem, 0.875rem + ((1vw - 0.2rem) * 0.542), 1.2rem);\"><summary>Capacita\u00e7\u00e3o e forma\u00e7\u00e3o<\/summary>\n<p><\/p>\n<\/details>\n\n\n\n<div style=\"margin-top:var(--wp--preset--spacing--10);margin-bottom:0;height:var(--wp--preset--spacing--10)\" aria-hidden=\"true\" class=\"wp-block-spacer\"><\/div>\n<\/div>\n<\/div>\n\n\n\n<div class=\"wp-block-buttons is-content-justification-center is-layout-flex wp-container-core-buttons-is-layout-a89b3969 wp-block-buttons-is-layout-flex\">\n<div class=\"wp-block-button has-custom-width wp-block-button__width-100 has-custom-font-size\" style=\"font-size:clamp(0.984rem, 0.984rem + ((1vw - 0.2rem) * 0.86), 1.5rem);\"><a class=\"wp-block-button__link has-contrast-background-color has-text-color has-background has-link-color wp-element-button\" style=\"color:#b4f67e\">Estamos prontos a ouvir a sua ideia! Contacte-nos!<\/a><\/div>\n<\/div>\n\n\n\n<div class=\"wp-block-buttons is-layout-flex wp-block-buttons-is-layout-flex\"><\/div>\n\n\n\n<p><\/p>\n","protected":false},"excerpt":{"rendered":"<p>Lideramos e participamos em projetos de I&amp;D em mat\u00e9rias de energia e smart cities relacionadas com o desenvolvimento de solu\u00e7\u00f5es para cidades. As nossas compet\u00eancias permitem-nos apoiar parceiros e cons\u00f3rcios que querem contribuir para a sustentabilidade e transforma\u00e7\u00e3o dos territ\u00f3rios. Desenvolvemos ferramentas, produtos e servi\u00e7os inovadores nas \u00e1reas da efici\u00eancia energ\u00e9tica e descarboniza\u00e7\u00e3o das cidades. [&hellip;]<\/p>\n","protected":false},"author":1,"featured_media":0,"parent":0,"menu_order":0,"comment_status":"closed","ping_status":"closed","template":"","meta":{"footnotes":""},"class_list":["post-64","page","type-page","status-publish","hentry"],"_links":{"self":[{"href":"https:\/\/neutraconsulting.com\/index.php\/wp-json\/wp\/v2\/pages\/64","targetHints":{"allow":["GET"]}}],"collection":[{"href":"https:\/\/neutraconsulting.com\/index.php\/wp-json\/wp\/v2\/pages"}],"about":[{"href":"https:\/\/neutraconsulting.com\/index.php\/wp-json\/wp\/v2\/types\/page"}],"author":[{"embeddable":true,"href":"https:\/\/neutraconsulting.com\/index.php\/wp-json\/wp\/v2\/users\/1"}],"replies":[{"embeddable":true,"href":"https:\/\/neutraconsulting.com\/index.php\/wp-json\/wp\/v2\/comments?post=64"}],"version-history":[{"count":21,"href":"https:\/\/neutraconsulting.com\/index.php\/wp-json\/wp\/v2\/pages\/64\/revisions"}],"predecessor-version":[{"id":415,"href":"https:\/\/neutraconsulting.com\/index.php\/wp-json\/wp\/v2\/pages\/64\/revisions\/415"}],"wp:attachment":[{"href":"https:\/\/neutraconsulting.com\/index.php\/wp-json\/wp\/v2\/media?parent=64"}],"curies":[{"name":"wp","href":"https:\/\/api.w.org\/{rel}","templated":true}]}}