{"id":92,"date":"2025-03-15T10:50:28","date_gmt":"2025-03-15T10:50:28","guid":{"rendered":"https:\/\/neutraconsulting.com\/?page_id=92"},"modified":"2025-03-27T14:14:14","modified_gmt":"2025-03-27T14:14:14","slug":"consultoria-estrategica","status":"publish","type":"page","link":"https:\/\/neutraconsulting.com\/index.php\/consultoria-estrategica\/","title":{"rendered":"Consultoria Estrat\u00e9gica"},"content":{"rendered":"\n<div class=\"wp-block-group alignfull has-base-background-color has-background has-global-padding is-layout-constrained wp-container-core-group-is-layout-a591f197 wp-block-group-is-layout-constrained\" style=\"margin-top:0;margin-bottom:0;padding-top:var(--wp--preset--spacing--20);padding-right:var(--wp--preset--spacing--10);padding-bottom:var(--wp--preset--spacing--20);padding-left:var(--wp--preset--spacing--10)\">\n<div class=\"wp-block-columns alignwide is-layout-flex wp-container-core-columns-is-layout-1da03c2a wp-block-columns-is-layout-flex\">\n<div class=\"wp-block-column is-vertically-aligned-stretch is-layout-flow wp-block-column-is-layout-flow\" style=\"flex-basis:50%\">\n<div class=\"wp-block-group is-vertical is-content-justification-stretch is-layout-flex wp-container-core-group-is-layout-444d5ee8 wp-block-group-is-layout-flex\" style=\"min-height:100%\">\n<p class=\"has-contrast-2-color has-text-color has-link-color wp-elements-e3deda7580a44f9c0a88d341890beb8e\" style=\"border-style:none;border-width:0px;font-size:clamp(0.984rem, 0.984rem + ((1vw - 0.2rem) * 0.86), 1.5rem);line-height:1.2\"><mark style=\"background-color:rgba(0, 0, 0, 0)\" class=\"has-inline-color has-contrast-2-color\"><strong>Oferecemos consultoria estrat\u00e9gica e apoio completo desde a conce\u00e7\u00e3o at\u00e9 a execu\u00e7\u00e3o dos projetos<\/strong>.<\/mark><\/p>\n\n\n\n<p style=\"font-size:clamp(0.875rem, 0.875rem + ((1vw - 0.2rem) * 0.542), 1.2rem);\"><mark style=\"background-color:rgba(0, 0, 0, 0)\" class=\"has-inline-color has-contrast-color\">Desenvolvemos planos estrat\u00e9gicos e servi\u00e7os de consultoria focados na descarboniza\u00e7\u00e3o das cidades e na transi\u00e7\u00e3o para <em>smart cities<\/em>. <\/mark>Do papel \u00e0 pr\u00e1tica, estamos com os nossos clientes em cada etapa, monitorizando o impacto e entregando resultados inovadores para construir um amanh\u00e3 mais sustent\u00e1vel e inteligente.<\/p>\n\n\n\n<p style=\"font-size:clamp(0.875rem, 0.875rem + ((1vw - 0.2rem) * 0.542), 1.2rem);\">Trabalhamos com cidades, empresas e entidades para criar solu\u00e7\u00f5es personalizadas que reduzam a pegada de carbono e melhorem a <mark style=\"background-color:rgba(0, 0, 0, 0);color:#a1e66c\" class=\"has-inline-color\"><strong>sustentabilidade urbana<\/strong><\/mark>.<\/p>\n\n\n\n<div class=\"wp-block-group has-global-padding is-content-justification-left is-layout-constrained wp-container-core-group-is-layout-9fe8ed88 wp-block-group-is-layout-constrained\">\n<div class=\"wp-block-buttons alignwide is-content-justification-center is-layout-flex wp-container-core-buttons-is-layout-749adb30 wp-block-buttons-is-layout-flex\">\n<div class=\"wp-block-button has-custom-width wp-block-button__width-100 has-custom-font-size has-medium-font-size\"><a class=\"wp-block-button__link has-text-color has-link-color has-text-align-center wp-element-button\" style=\"color:#62e7a0\">Vamos Falar?<\/a><\/div>\n<\/div>\n<\/div>\n<\/div>\n<\/div>\n\n\n\n<div class=\"wp-block-column is-vertically-aligned-center is-layout-flow wp-block-column-is-layout-flow\" style=\"flex-basis:50%\">\n<figure class=\"wp-block-image alignright size-large is-resized has-custom-border is-style-rounded is-style-rounded--1\"><img loading=\"lazy\" decoding=\"async\" width=\"1024\" height=\"683\" src=\"https:\/\/neutraconsulting.com\/wp-content\/uploads\/2025\/03\/pexels-photo-3760093-1024x683.webp\" alt=\"\" class=\"wp-image-254\" style=\"border-style:none;border-width:0px;aspect-ratio:0.75;object-fit:cover;width:398px;height:auto\" srcset=\"https:\/\/neutraconsulting.com\/wp-content\/uploads\/2025\/03\/pexels-photo-3760093-1024x683.webp 1024w, https:\/\/neutraconsulting.com\/wp-content\/uploads\/2025\/03\/pexels-photo-3760093-300x200.webp 300w, https:\/\/neutraconsulting.com\/wp-content\/uploads\/2025\/03\/pexels-photo-3760093-768x512.webp 768w, https:\/\/neutraconsulting.com\/wp-content\/uploads\/2025\/03\/pexels-photo-3760093-1536x1024.webp 1536w, https:\/\/neutraconsulting.com\/wp-content\/uploads\/2025\/03\/pexels-photo-3760093-2048x1365.webp 2048w\" sizes=\"auto, (max-width: 1024px) 100vw, 1024px\" \/><\/figure>\n<\/div>\n<\/div>\n\n\n\n<div class=\"wp-block-columns is-layout-flex wp-container-core-columns-is-layout-28f84493 wp-block-columns-is-layout-flex\">\n<div class=\"wp-block-column is-layout-flow wp-block-column-is-layout-flow\"><\/div>\n<\/div>\n<\/div>\n\n\n\n<p class=\"has-medium-font-size\"><mark style=\"background-color:rgba(0, 0, 0, 0)\" class=\"has-inline-color has-contrast-2-color\">Em estreita colabora\u00e7\u00e3o com os nossos clientes, desenvolvemos modelos de neg\u00f3cio adaptados a cada projeto, alinhando a experi\u00eancia dos nossos clientes com o nosso <em>know-how<\/em> cient\u00edfico sobre as melhores de efici\u00eancia na gest\u00e3o urbana. O nosso objetivo \u00e9 implementar <strong>solu\u00e7\u00f5es vi\u00e1veis<\/strong> que promovam a evolu\u00e7\u00e3o das <strong>cidades para ambientes mais inteligentes e sustent\u00e1veis<\/strong>. Com uma abordagem <strong>pr\u00e1tica e colaborativa<\/strong>, garantimos a adapta\u00e7\u00e3o das novas tecnologias e solu\u00e7\u00f5es ao contexto de cada um dos nossos projetos.<\/mark><\/p>\n\n\n\n<p><\/p>\n\n\n\n<div class=\"wp-block-group alignfull is-layout-flow wp-block-group-is-layout-flow\" style=\"margin-top:0;margin-bottom:0;padding-top:var(--wp--preset--spacing--10);padding-right:var(--wp--preset--spacing--40);padding-bottom:var(--wp--preset--spacing--10);padding-left:var(--wp--preset--spacing--40)\">\n<div style=\"height:var(--wp--preset--spacing--30)\" aria-hidden=\"true\" class=\"wp-block-spacer\"><\/div>\n\n\n\n<div class=\"wp-block-columns alignwide is-layout-flex wp-container-core-columns-is-layout-4935966c wp-block-columns-is-layout-flex\" style=\"padding-right:0;padding-left:0\">\n<div class=\"wp-block-column is-layout-flow wp-block-column-is-layout-flow\">\n<figure class=\"wp-block-image size-full is-style-rounded is-style-rounded--2\"><img loading=\"lazy\" decoding=\"async\" width=\"2560\" height=\"1707\" src=\"https:\/\/neutraconsulting.com\/wp-content\/uploads\/2025\/03\/pexels-calvinseng-31132081-scaled.jpg\" alt=\"\" class=\"wp-image-156\" style=\"aspect-ratio:1;object-fit:cover\" srcset=\"https:\/\/neutraconsulting.com\/wp-content\/uploads\/2025\/03\/pexels-calvinseng-31132081-scaled.jpg 2560w, https:\/\/neutraconsulting.com\/wp-content\/uploads\/2025\/03\/pexels-calvinseng-31132081-300x200.jpg 300w, https:\/\/neutraconsulting.com\/wp-content\/uploads\/2025\/03\/pexels-calvinseng-31132081-1024x683.jpg 1024w, https:\/\/neutraconsulting.com\/wp-content\/uploads\/2025\/03\/pexels-calvinseng-31132081-768x512.jpg 768w, https:\/\/neutraconsulting.com\/wp-content\/uploads\/2025\/03\/pexels-calvinseng-31132081-1536x1024.jpg 1536w, https:\/\/neutraconsulting.com\/wp-content\/uploads\/2025\/03\/pexels-calvinseng-31132081-2048x1365.jpg 2048w\" sizes=\"auto, (max-width: 2560px) 100vw, 2560px\" \/><\/figure>\n\n\n\n<div class=\"wp-block-group is-vertical is-content-justification-center is-nowrap is-layout-flex wp-container-core-group-is-layout-21d4e958 wp-block-group-is-layout-flex\">\n<p class=\"has-text-align-center\" style=\"font-size:clamp(0.984rem, 0.984rem + ((1vw - 0.2rem) * 0.86), 1.5rem);\"><strong><mark style=\"background-color:rgba(0, 0, 0, 0)\" class=\"has-inline-color has-contrast-2-color\">Apoio ao desenvolvimento de planos e pol\u00edticas p\u00fablicas<\/mark><\/strong><\/p>\n\n\n\n<p class=\"has-text-align-center has-medium-font-size\">Desenvolvimento de planos e pol\u00edticas p\u00fablicas na \u00e1rea de energia e ambiente, incluindo a implementa\u00e7\u00e3o de estrat\u00e9gias de efici\u00eancia energ\u00e9tica, promo\u00e7\u00e3o de energias renov\u00e1veis e o incentivo \u00e0 economia circular.<\/p>\n<\/div>\n<\/div>\n\n\n\n<div class=\"wp-block-column is-layout-flow wp-block-column-is-layout-flow\">\n<figure class=\"wp-block-image size-full is-style-rounded is-style-rounded--3\"><img loading=\"lazy\" decoding=\"async\" width=\"2560\" height=\"1440\" src=\"https:\/\/neutraconsulting.com\/wp-content\/uploads\/2025\/03\/pexels-artempodrez-5716001-scaled.jpg\" alt=\"\" class=\"wp-image-155\" style=\"aspect-ratio:1;object-fit:cover\" srcset=\"https:\/\/neutraconsulting.com\/wp-content\/uploads\/2025\/03\/pexels-artempodrez-5716001-scaled.jpg 2560w, https:\/\/neutraconsulting.com\/wp-content\/uploads\/2025\/03\/pexels-artempodrez-5716001-300x169.jpg 300w, https:\/\/neutraconsulting.com\/wp-content\/uploads\/2025\/03\/pexels-artempodrez-5716001-1024x576.jpg 1024w, https:\/\/neutraconsulting.com\/wp-content\/uploads\/2025\/03\/pexels-artempodrez-5716001-768x432.jpg 768w, https:\/\/neutraconsulting.com\/wp-content\/uploads\/2025\/03\/pexels-artempodrez-5716001-1536x864.jpg 1536w, https:\/\/neutraconsulting.com\/wp-content\/uploads\/2025\/03\/pexels-artempodrez-5716001-2048x1152.jpg 2048w\" sizes=\"auto, (max-width: 2560px) 100vw, 2560px\" \/><\/figure>\n\n\n\n<div class=\"wp-block-group is-vertical is-content-justification-center is-nowrap is-layout-flex wp-container-core-group-is-layout-63bfd6c1 wp-block-group-is-layout-flex\">\n<p class=\"has-text-align-center\" style=\"font-size:clamp(1.039rem, 1.039rem + ((1vw - 0.2rem) * 0.935), 1.6rem);\"><strong><mark style=\"background-color:rgba(0, 0, 0, 0)\" class=\"has-inline-color has-contrast-2-color\">An\u00e1lise t\u00e9cnico-econ\u00f3mica de projetos<\/mark> <\/strong><\/p>\n\n\n\n<p class=\"has-text-align-center has-medium-font-size\">Estudo e an\u00e1lise da viabilidade t\u00e9cnico-econ\u00f3mica de projetos de energia e clima, avaliando o seu impacto e sustentabilidade para apoiar decis\u00f5es estrat\u00e9gicas.<\/p>\n<\/div>\n<\/div>\n\n\n\n<div class=\"wp-block-column is-layout-flow wp-block-column-is-layout-flow\">\n<figure class=\"wp-block-image size-full is-style-rounded is-style-rounded--4\"><img loading=\"lazy\" decoding=\"async\" width=\"2560\" height=\"1603\" src=\"https:\/\/neutraconsulting.com\/wp-content\/uploads\/2025\/03\/pexels-pixabay-327533-scaled.jpg\" alt=\"\" class=\"wp-image-157\" style=\"aspect-ratio:1;object-fit:cover\" srcset=\"https:\/\/neutraconsulting.com\/wp-content\/uploads\/2025\/03\/pexels-pixabay-327533-scaled.jpg 2560w, https:\/\/neutraconsulting.com\/wp-content\/uploads\/2025\/03\/pexels-pixabay-327533-300x188.jpg 300w, https:\/\/neutraconsulting.com\/wp-content\/uploads\/2025\/03\/pexels-pixabay-327533-1024x641.jpg 1024w, https:\/\/neutraconsulting.com\/wp-content\/uploads\/2025\/03\/pexels-pixabay-327533-768x481.jpg 768w, https:\/\/neutraconsulting.com\/wp-content\/uploads\/2025\/03\/pexels-pixabay-327533-1536x962.jpg 1536w, https:\/\/neutraconsulting.com\/wp-content\/uploads\/2025\/03\/pexels-pixabay-327533-2048x1283.jpg 2048w\" sizes=\"auto, (max-width: 2560px) 100vw, 2560px\" \/><\/figure>\n\n\n\n<div class=\"wp-block-group is-vertical is-content-justification-center is-nowrap is-layout-flex wp-container-core-group-is-layout-63bfd6c1 wp-block-group-is-layout-flex\">\n<p class=\"has-text-align-center\" style=\"font-size:clamp(0.984rem, 0.984rem + ((1vw - 0.2rem) * 0.86), 1.5rem);\"><strong><mark style=\"background-color:rgba(0, 0, 0, 0)\" class=\"has-inline-color has-contrast-2-color\">Estrat\u00e9gias de desenvolvimento de neg\u00f3cio <\/mark><\/strong><\/p>\n\n\n\n<p class=\"has-text-align-center has-medium-font-size\">Planos e estrat\u00e9gias de neg\u00f3cio na \u00e1rea da descarboniza\u00e7\u00e3o, incluindo <em>scouting<\/em> de oportunidades de financiamento e parcerias estrat\u00e9gicas, para impulsionar projetos sustent\u00e1veis.<\/p>\n<\/div>\n<\/div>\n\n\n\n<div class=\"wp-block-column is-layout-flow wp-block-column-is-layout-flow\">\n<figure class=\"wp-block-image size-full is-style-rounded is-style-rounded--5\"><img loading=\"lazy\" decoding=\"async\" width=\"2560\" height=\"1705\" src=\"https:\/\/neutraconsulting.com\/wp-content\/uploads\/2025\/03\/pexels-tomfisk-3448245-scaled.jpg\" alt=\"\" class=\"wp-image-158\" style=\"aspect-ratio:1;object-fit:cover\" srcset=\"https:\/\/neutraconsulting.com\/wp-content\/uploads\/2025\/03\/pexels-tomfisk-3448245-scaled.jpg 2560w, https:\/\/neutraconsulting.com\/wp-content\/uploads\/2025\/03\/pexels-tomfisk-3448245-300x200.jpg 300w, https:\/\/neutraconsulting.com\/wp-content\/uploads\/2025\/03\/pexels-tomfisk-3448245-1024x682.jpg 1024w, https:\/\/neutraconsulting.com\/wp-content\/uploads\/2025\/03\/pexels-tomfisk-3448245-768x512.jpg 768w, https:\/\/neutraconsulting.com\/wp-content\/uploads\/2025\/03\/pexels-tomfisk-3448245-1536x1023.jpg 1536w, https:\/\/neutraconsulting.com\/wp-content\/uploads\/2025\/03\/pexels-tomfisk-3448245-2048x1364.jpg 2048w\" sizes=\"auto, (max-width: 2560px) 100vw, 2560px\" \/><\/figure>\n\n\n\n<div class=\"wp-block-group is-vertical is-content-justification-center is-nowrap is-layout-flex wp-container-core-group-is-layout-21d4e958 wp-block-group-is-layout-flex\">\n<p class=\"has-text-align-center\" style=\"font-size:clamp(0.984rem, 0.984rem + ((1vw - 0.2rem) * 0.86), 1.5rem);\"><strong><mark style=\"background-color:rgba(0, 0, 0, 0)\" class=\"has-inline-color has-contrast-2-color\">Solu\u00e7\u00f5es de descarboniza\u00e7\u00e3o e ESG para cidades e empresas<\/mark><\/strong><\/p>\n\n\n\n<p class=\"has-text-align-center has-medium-font-size\">Estrat\u00e9gias de descarboniza\u00e7\u00e3o para cidades (incluindo Planos de A\u00e7\u00e3o Clim\u00e1tica, Planos de A\u00e7\u00e3o Para a Energia Sustent\u00e1vel e Clima e Planos de Circularidade), implementa\u00e7\u00e3o de solu\u00e7\u00f5es ESG (de acordo com normas GRI), <em>reporting<\/em> de pr\u00e1ticas de sustentabilidade (incluindo <em>Carbon Disclosure Project (CDP)).<\/em><\/p>\n<\/div>\n<\/div>\n<\/div>\n<\/div>\n\n\n\n<p><\/p>\n","protected":false},"excerpt":{"rendered":"<p>Oferecemos consultoria estrat\u00e9gica e apoio completo desde a conce\u00e7\u00e3o at\u00e9 a execu\u00e7\u00e3o dos projetos. Desenvolvemos planos estrat\u00e9gicos e servi\u00e7os de consultoria focados na descarboniza\u00e7\u00e3o das cidades e na transi\u00e7\u00e3o para smart cities. Do papel \u00e0 pr\u00e1tica, estamos com os nossos clientes em cada etapa, monitorizando o impacto e entregando resultados inovadores para construir um amanh\u00e3 [&hellip;]<\/p>\n","protected":false},"author":1,"featured_media":0,"parent":0,"menu_order":0,"comment_status":"closed","ping_status":"closed","template":"","meta":{"footnotes":""},"class_list":["post-92","page","type-page","status-publish","hentry"],"_links":{"self":[{"href":"https:\/\/neutraconsulting.com\/index.php\/wp-json\/wp\/v2\/pages\/92","targetHints":{"allow":["GET"]}}],"collection":[{"href":"https:\/\/neutraconsulting.com\/index.php\/wp-json\/wp\/v2\/pages"}],"about":[{"href":"https:\/\/neutraconsulting.com\/index.php\/wp-json\/wp\/v2\/types\/page"}],"author":[{"embeddable":true,"href":"https:\/\/neutraconsulting.com\/index.php\/wp-json\/wp\/v2\/users\/1"}],"replies":[{"embeddable":true,"href":"https:\/\/neutraconsulting.com\/index.php\/wp-json\/wp\/v2\/comments?post=92"}],"version-history":[{"count":20,"href":"https:\/\/neutraconsulting.com\/index.php\/wp-json\/wp\/v2\/pages\/92\/revisions"}],"predecessor-version":[{"id":374,"href":"https:\/\/neutraconsulting.com\/index.php\/wp-json\/wp\/v2\/pages\/92\/revisions\/374"}],"wp:attachment":[{"href":"https:\/\/neutraconsulting.com\/index.php\/wp-json\/wp\/v2\/media?parent=92"}],"curies":[{"name":"wp","href":"https:\/\/api.w.org\/{rel}","templated":true}]}}